{"id":2,"date":"2019-10-18T22:53:14","date_gmt":"2019-10-18T20:53:14","guid":{"rendered":"http:\/\/lesateliersdeclementine.fr\/?page_id=2"},"modified":"2022-11-26T09:14:40","modified_gmt":"2022-11-26T08:14:40","slug":"ateliersartsplastiquestarn","status":"publish","type":"page","link":"https:\/\/lesateliersdeclementine.fr\/index.php\/ateliersartsplastiquestarn\/","title":{"rendered":"D\u00e9marche"},"content":{"rendered":"<p>[et_pb_section fb_built=&#8221;1&#8243; admin_label=&#8221;Footer&#8221; _builder_version=&#8221;4.0.1&#8243; background_color=&#8221;rgba(12,113,195,0.46)&#8221; background_enable_image=&#8221;off&#8221; custom_padding=&#8221;0px|||||&#8221; top_divider_height=&#8221;1.2vw&#8221; top_divider_repeat=&#8221;20x&#8221; top_divider_arrangement=&#8221;above_content&#8221; bottom_divider_height=&#8221;10vw&#8221; bottom_divider_arrangement=&#8221;above_content&#8221; locked=&#8221;off&#8221;][et_pb_row column_structure=&#8221;3_5,2_5&#8243; _builder_version=&#8221;4.0.1&#8243; custom_margin=&#8221;||-12vw&#8221; custom_margin_tablet=&#8221;||0vw&#8221; custom_margin_phone=&#8221;&#8221; custom_margin_last_edited=&#8221;on|desktop&#8221; custom_padding=&#8221;0px|||||&#8221; border_radii=&#8221;off|0vw|||&#8221;][et_pb_column type=&#8221;3_5&#8243; _builder_version=&#8221;4.0.1&#8243; background_color=&#8221;#ffffff&#8221; custom_padding=&#8221;80px|50px|120px|50px||true&#8221; box_shadow_style=&#8221;preset2&#8243; box_shadow_horizontal=&#8221;0px&#8221; box_shadow_vertical=&#8221;15px&#8221; box_shadow_blur=&#8221;65px&#8221; box_shadow_spread=&#8221;-30px&#8221; box_shadow_color=&#8221;rgba(0,0,0,0.25)&#8221;][et_pb_text _builder_version=&#8221;4.0.1&#8243; header_font=&#8221;Dosis||||||||&#8221; header_font_size=&#8221;23px&#8221; min_height=&#8221;218px&#8221; text_line_height_tablet=&#8221;&#8221; text_line_height_phone=&#8221;1em&#8221; text_line_height_last_edited=&#8221;on|phone&#8221; inline_fonts=&#8221;Dosis&#8221;]<\/p>\n<h1><span style=\"font-family: Dosis;\">La pratique, la manipulation et l&#8217;exp\u00e9rimentation sont au centre de mes ateliers. <br \/>Les enfants engagent des gestes plastiques qui ouvrent leur regard sur le monde. <br \/><\/span><span style=\"font-family: Dosis;\">Tous les ateliers ou cycles d&#8217;ateliers sont uniques et r\u00e9pondent \u00e0 des contextes ou des besoins sp\u00e9cifiques.<span style=\"font-size: medium;\"><\/span><\/span><\/h1>\n<p>[\/et_pb_text][et_pb_text _builder_version=&#8221;4.0.1&#8243; text_line_height=&#8221;1.3em&#8221; header_font=&#8221;Dosis||||||||&#8221; header_line_height=&#8221;0.5em&#8221; min_height=&#8221;150px&#8221; inline_fonts=&#8221;Hind,Dosis&#8221;]<\/p>\n<h1><span style=\"font-size: medium;\"><strong><span style=\"font-family: Hind;\">Des ateliers d\u2019arts plastiques, visuels et sonores dans le Tarn<\/span><\/strong><\/span><\/h1>\n<p style=\"text-align: justify;\"><span style=\"font-weight: normal; font-family: Hind;\"><strong>Intervenante en arts plastiques depuis pr\u00e8s de 10 ans, je suis actuellement bas\u00e9e dans le Tarn<\/strong> o\u00f9 je travaille avec des structures d\u2019accueil vari\u00e9es. J\u2019interviens r\u00e9guli\u00e8rement au sein de <strong>cr\u00e8ches<\/strong>, dans plusieurs <strong>RAM<\/strong>, dans des <strong>m\u00e9diath\u00e8ques<\/strong>, je travaille \u00e9galement avec des <strong>mus\u00e9es<\/strong>, des <strong>\u00e9coles<\/strong>&#8230;<\/span><\/p>\n<h1><span style=\"font-size: medium;\"><span style=\"font-family: Hind;\">Des ateliers ajust\u00e9s aux besoins des professionnels et des enfants<\/span><\/span><\/h1>\n<p style=\"text-align: justify;\"><span style=\"font-weight: normal; font-family: Hind;\">Je con\u00e7ois des ateliers sp\u00e9cifiques \u00e0 chaque lieu, \u00e0 chaque envie, \u00e0 partir de projets, de m\u00e9diums, de gestes plastiques. Chaque atelier est unique et constitue un temps singulier.\u00a0 Les temps d&#8217;activit\u00e9s peuvent \u00eatre ponctuels ou con\u00e7us comme un ensemble suivi et coh\u00e9rent.<br \/><span>Ils sont adapt\u00e9s \u00e0 chaque \u00e2ge, de la petite enfance \u00e0 l&#8217;adolescence.\u00a0<br \/><\/span><\/span><span face=\"Hind\" style=\"color: #110c00; font-weight: bold; font-size: medium; font-family: Hind;\"><\/span><\/p>\n<p><span face=\"Hind\" style=\"color: #110c00; font-weight: bold; font-size: medium; font-family: Hind;\"><\/span><\/p>\n<p><span face=\"Hind\" style=\"color: #110c00; font-weight: bold; font-size: medium; font-family: Hind;\">La pratique plastique au <\/span><span face=\"Hind\" style=\"color: #110c00; font-size: 30px; font-weight: bold; font-family: Hind;\"><span style=\"font-size: 16px;\">c\u0153ur<\/span><\/span><span face=\"Hind\" style=\"color: #110c00; font-weight: bold; font-size: medium; font-family: Hind;\">\u00a0des ateliers<\/span><\/p>\n<p style=\"text-align: justify;\"><span style=\"font-weight: normal; font-family: Hind;\">L&#8217;exp\u00e9rimentation est au centre des moments d&#8217;atelier et de pratique.<br \/><span>Chaque atelier est pens\u00e9 comme un espace propice au d\u00e9veloppement du geste\u00a0: geste de tracer, de peindre, de d\u00e9couper, de photographier, d&#8217;enregistrer, de modeler, de mettre en page&#8230;<\/span><\/span><\/p>\n<p><span style=\"font-weight: normal; font-family: Hind;\"><\/span><\/p>\n<h1><span style=\"font-size: medium;\"><strong><span style=\"font-family: Hind;\">Rendre le monde intelligible<\/span><\/strong><\/span><\/h1>\n<p style=\"text-align: justify;\"><span style=\"font-weight: normal; font-family: Hind;\">Pour les tout-petits et les petits, les temps d\u2019ateliers permettent une approche et une ouverture in\u00e9dite au monde.\u00a0<\/span><span style=\"font-weight: normal; font-family: Hind;\">Le dessin, la peinture, le collage et les autres pratiques plastiques sont autant de moyens pour les enfants de d\u00e9placer leur regard sur les choses et de d\u00e9couvrir de nouvelles fa\u00e7ons d\u2019\u00eatre au monde, d\u2019exister.\u00a0<\/span><span style=\"font-weight: normal; font-family: Hind;\">Pour les plus grands c&#8217;est aussi une invitation \u00e0 \u00ab\u00a0exposer\u00a0\u00bb sa pens\u00e9e.<\/span><\/p>\n<h1><span style=\"font-size: medium;\"><strong><span style=\"font-family: Hind;\">L&#8217;importance du moment pr\u00e9sent<\/span><\/strong><\/span><\/h1>\n<p style=\"text-align: justify;\"><span style=\"font-weight: normal; font-family: Hind;\">Je cherche \u00e0 cr\u00e9er des temps forts o\u00f9 les enfants sont immerg\u00e9s dans l&#8217;atelier. L\u2019 &#8220;ici et maintenant&#8221;, le &#8220;moment du faire&#8221; est celui o\u00f9 ils vont l\u00e2cher leurs\u00a0<em>a priori.<\/em>\u00a0L\u2019espace de l\u2019atelier les am\u00e8ne \u00e0 voir les choses sous un nouvel angle. L\u2019un de mes r\u00f4les, en qualit\u00e9 d\u2019intervenante d\u2019arts plastiques est de construire un dispositif d\u2019atelier qui am\u00e8ne naturellement l&#8217;enfant \u00e0 l&#8217;espace de la cr\u00e9ation. A titre d\u2019exemple, inclure un r\u00e9cit peut \u00eatre un moyen pour conduire les enfants aux gestes plastiques : ils ne &#8220;font pas du collage&#8221; mais ils &#8220;repeuplent la mer de petits poissons&#8221;&#8230;<\/span><\/p>\n<h1><span style=\"font-size: medium;\"><strong><span style=\"font-family: Hind;\">Il n\u2019y a pas d\u2019\u00e2ge pour construire sa culture artistique<\/span><\/strong><\/span><\/h1>\n<p style=\"text-align: justify;\"><span style=\"font-weight: normal; font-family: Hind;\">La culture artistique est une clef pour comprendre l&#8217;univers qui nous entoure et dont nous faisons partie. Elle est n\u00e9cessaire et participe au processus de cr\u00e9ation et d&#8217;exp\u00e9rimentation. Pour les plus jeunes cela passe par un album, une musique, une image, pour les plus grands c&#8217;est par la pr\u00e9sentation d&#8217;une d\u00e9marche d&#8217;artiste, d&#8217;une \u0153uvre, d&#8217;une exposition, d&#8217;un livre, d&#8217;un film&#8230; C&#8217;est aussi le moyen de se positionner, de verbaliser et de questionner la pratique artistique de mani\u00e8re ludique et d\u00e9complex\u00e9e tout en s&#8217;ouvrant \u00e0 la pens\u00e9e et \u00e0 la cr\u00e9ation de quelqu&#8217;un d&#8217;autre.<\/span><\/p>\n<p><span style=\"font-weight: 400;\"><\/span><\/p>\n<p><span style=\"font-family: Hind; font-weight: normal;\">\u00a0<\/span><\/p>\n<p>[\/et_pb_text][et_pb_button button_url=&#8221;@ET-DC@eyJkeW5hbWljIjp0cnVlLCJjb250ZW50IjoicG9zdF9saW5rX3VybF9wYWdlIiwic2V0dGluZ3MiOnsicG9zdF9pZCI6IjU2In19@&#8221; button_text=&#8221;Portfolio des ateliers&#8221; button_alignment=&#8221;center&#8221; disabled_on=&#8221;on|on|off&#8221; _builder_version=&#8221;4.0.1&#8243; _dynamic_attributes=&#8221;button_url&#8221; custom_button=&#8221;on&#8221; button_text_size=&#8221;14px&#8221; button_text_color=&#8221;#ffffff&#8221; button_bg_color=&#8221;#ff7100&#8243; button_border_color=&#8221;rgba(0,0,0,0)&#8221; button_border_radius=&#8221;50px&#8221; button_letter_spacing=&#8221;2px&#8221; button_font=&#8221;|700||on|||||&#8221; button_use_icon=&#8221;off&#8221; custom_margin=&#8221;-17px|||||&#8221; custom_padding=&#8221;15px|40px|15px|40px|true|true&#8221; button_text_size_tablet=&#8221;&#8221; button_text_size_phone=&#8221;&#8221; button_text_size_last_edited=&#8221;on|phone&#8221; locked=&#8221;off&#8221;][\/et_pb_button][\/et_pb_column][et_pb_column type=&#8221;2_5&#8243; _builder_version=&#8221;4.0.1&#8243; custom_padding=&#8221;100px|||&#8221; custom_padding_tablet=&#8221;0px||&#8221; custom_padding_phone=&#8221;&#8221; custom_padding_last_edited=&#8221;on|desktop&#8221;][et_pb_text _builder_version=&#8221;4.0.1&#8243; _dynamic_attributes=&#8221;link_option_url&#8221; background_color=&#8221;rgba(255,255,255,0.23)&#8221; min_height=&#8221;131px&#8221; custom_margin=&#8221;||19px|||&#8221; custom_padding=&#8221;1px||0px|||&#8221; link_option_url=&#8221;@ET-DC@eyJkeW5hbWljIjp0cnVlLCJjb250ZW50IjoicG9zdF9saW5rX3VybF9wYWdlIiwic2V0dGluZ3MiOnsicG9zdF9pZCI6IjM5In19@&#8221; text_text_shadow_style=&#8221;preset3&#8243; inline_fonts=&#8221;Hind&#8221;]<\/p>\n<p style=\"text-align: center;\"><span style=\"font-size: large;\"><span style=\"font-family: Hind; color: #ffffff;\">\u00a0<br \/><\/span><\/span><span style=\"color: #ffffff; font-family: Hind; font-size: 18px; text-align: center;\">Pour d\u00e9couvrir l&#8217;univers <br \/>des Ateliers de Cl\u00e9mentine en images<\/span><\/p>\n<p>&nbsp;<\/p>\n<p>[\/et_pb_text][et_pb_button button_url=&#8221;@ET-DC@eyJkeW5hbWljIjp0cnVlLCJjb250ZW50IjoicG9zdF9saW5rX3VybF9wYWdlIiwic2V0dGluZ3MiOnsicG9zdF9pZCI6IjU2In19@&#8221; button_text=&#8221;Portfolio des ateliers&#8221; button_alignment=&#8221;center&#8221; _builder_version=&#8221;4.0.1&#8243; _dynamic_attributes=&#8221;button_url&#8221; custom_button=&#8221;on&#8221; button_text_size=&#8221;14px&#8221; button_text_color=&#8221;#ff7100&#8243; button_bg_color=&#8221;#ffffff&#8221; button_border_color=&#8221;rgba(0,0,0,0)&#8221; button_border_radius=&#8221;50px&#8221; button_letter_spacing=&#8221;2px&#8221; button_font=&#8221;|700||on|||||&#8221; button_use_icon=&#8221;off&#8221; custom_margin=&#8221;-49px|||||&#8221; custom_padding=&#8221;15px|40px|15px|40px|true|true&#8221; locked=&#8221;off&#8221;][\/et_pb_button][et_pb_divider _builder_version=&#8221;4.0.1&#8243; min_height=&#8221;33px&#8221;][\/et_pb_divider][et_pb_text _builder_version=&#8221;4.0.1&#8243; text_font=&#8221;||||||||&#8221; text_text_color=&#8221;#ffffff&#8221; text_font_size=&#8221;16px&#8221; text_orientation=&#8221;center&#8221; background_layout=&#8221;dark&#8221; custom_margin=&#8221;-21px||27px|||&#8221; custom_padding=&#8221;0px||0px|||&#8221; inline_fonts=&#8221;Hind&#8221;]<\/p>\n<p><span style=\"font-size: large;\"><span style=\"font-family: Hind; color: #ffffff;\">\u00a0<\/span><\/span><\/p>\n<p><span style=\"font-family: Hind; font-weight: normal; color: #ffffff;\">4 s\u00e9ances pour d\u00e9couvrir la mati\u00e8re<br \/>(document \u00e0 consulter \u00e0 titre d&#8217;exemple)<\/span><\/p>\n<p>[\/et_pb_text][et_pb_button button_url=&#8221;http:\/\/lesateliersdeclementine.fr\/wp-content\/uploads\/2020\/04\/plaquette-argile.pdf&#8221; button_text=&#8221;plaquette ateliers argile&#8221; button_alignment=&#8221;center&#8221; _builder_version=&#8221;4.0.1&#8243; custom_button=&#8221;on&#8221; button_text_size=&#8221;14px&#8221; button_text_color=&#8221;#ff7100&#8243; button_bg_color=&#8221;#ffffff&#8221; button_border_color=&#8221;rgba(0,0,0,0)&#8221; button_border_radius=&#8221;50px&#8221; button_letter_spacing=&#8221;2px&#8221; button_font=&#8221;|700||on|||||&#8221; button_use_icon=&#8221;off&#8221; custom_margin=&#8221;-18px||29px|||&#8221; custom_padding=&#8221;15px|40px|15px|40px|true|true&#8221; locked=&#8221;off&#8221;][\/et_pb_button][et_pb_text _builder_version=&#8221;4.0.1&#8243; text_font=&#8221;Hind||||||||&#8221; text_text_color=&#8221;#ffffff&#8221; text_font_size=&#8221;16px&#8221; text_orientation=&#8221;center&#8221; background_layout=&#8221;dark&#8221; inline_fonts=&#8221;Hind&#8221;]<\/p>\n<p>5 s\u00e9ances pour enchanter un mat\u00e9riau ordinaire<br \/> (document \u00e0 consulter \u00e0 titre d&#8217;exemple)<\/p>\n<p>[\/et_pb_text][et_pb_button button_url=&#8221;http:\/\/lesateliersdeclementine.fr\/wp-content\/uploads\/2020\/04\/plaquette-carton.pdf&#8221; button_text=&#8221;plaquette ateliers carton&#8221; button_alignment=&#8221;center&#8221; _builder_version=&#8221;4.0.1&#8243; custom_button=&#8221;on&#8221; button_text_size=&#8221;14px&#8221; button_text_color=&#8221;#ff7100&#8243; button_bg_color=&#8221;#ffffff&#8221; button_border_color=&#8221;rgba(0,0,0,0)&#8221; button_border_radius=&#8221;50px&#8221; button_letter_spacing=&#8221;2px&#8221; button_font=&#8221;|700||on|||||&#8221; button_use_icon=&#8221;off&#8221; custom_margin=&#8221;-17px|||||&#8221; custom_padding=&#8221;15px|40px|15px|40px|true|true&#8221; locked=&#8221;off&#8221;][\/et_pb_button][\/et_pb_column][\/et_pb_row][\/et_pb_section]<\/p>\n","protected":false},"excerpt":{"rendered":"<p>Cl\u00e9mentine Pujol, intervante en arts plastiques et arts visuels bas\u00e9e dans le Tarn, anime des ateliers sur mesure destin\u00e9s aux tous-petits, petits et ados.<\/p>\n","protected":false},"author":1,"featured_media":518,"parent":0,"menu_order":0,"comment_status":"closed","ping_status":"closed","template":"","meta":{"_et_pb_use_builder":"on","_et_pb_old_content":"<!-- wp:paragraph -->\r\n<p><\/p>\r\n<!-- \/wp:paragraph -->\r\n\r\n<!-- wp:paragraph -->\r\n<p>Ceci est une page d\u2019exemple. C\u2019est diff\u00e9rent d\u2019un article de blog parce qu\u2019elle restera au m\u00eame endroit et appara\u00eetra dans la navigation de votre site (dans la plupart des th\u00e8mes). La plupart des gens commencent par une page \u00ab\u00a0\u00c0 propos\u00a0\u00bb qui les pr\u00e9sente aux visiteurs du site. Cela pourrait ressembler \u00e0 quelque chose comme cela\u00a0:<\/p>\r\n<!-- \/wp:paragraph -->\r\n\r\n<!-- wp:quote -->\r\n<blockquote class=\"wp-block-quote\"><p>Bonjour\u00a0! Je suis un m\u00e9canicien qui aspire \u00e0 devenir acteur, et voici mon site. J\u2019habite \u00e0 Bordeaux, j\u2019ai un super chien baptis\u00e9 Russell, et j\u2019aime la vodka-ananas (ainsi qu\u2019\u00eatre surpris par la pluie soudaine lors de longues balades sur la plage au coucher du soleil).<\/p><\/blockquote>\r\n<!-- \/wp:quote -->\r\n\r\n<!-- wp:paragraph -->\r\n<p>... ou quelque chose comme cela\u00a0:<\/p>\r\n<!-- \/wp:paragraph -->\r\n\r\n<!-- wp:quote -->\r\n<blockquote class=\"wp-block-quote\"><p>La soci\u00e9t\u00e9 123 Machin Truc a \u00e9t\u00e9 cr\u00e9\u00e9e en 1971, et n\u2019a cess\u00e9 de proposer au public des machins-trucs de qualit\u00e9 depuis lors. Situ\u00e9e \u00e0 Saint-Remy-en-Bouzemont-Saint-Genest-et-Isson, 123 Machin Truc emploie 2 000 personnes, et fabrique toutes sortes de bidules super pour la communaut\u00e9 bouzemontoise.<\/p><\/blockquote>\r\n<!-- \/wp:quote -->\r\n\r\n<!-- wp:paragraph -->\r\n<p>En tant que nouvel\u00b7le utilisateur ou utilisatrice de WordPress, vous devriez vous rendre sur <a href=\"http:\/\/lesateliersdeclementine.fr\/wp-admin\/\">votre tableau de bord<\/a> pour supprimer cette page et cr\u00e9er de nouvelles pages pour votre contenu. Amusez-vous bien\u00a0!<\/p>\r\n<!-- \/wp:paragraph -->","_et_gb_content_width":""},"yoast_head":"<!-- This site is optimized with the Yoast SEO plugin v19.10 - https:\/\/yoast.com\/wordpress\/plugins\/seo\/ -->\n<title>D\u00e9marche - Les ateliers de Cl\u00e9mentine<\/title>\n<meta name=\"description\" content=\"Cl\u00e9mentine Pujol, intervante en arts plastiques et arts visuels bas\u00e9e dans le Tarn, anime des ateliers sur mesure destin\u00e9s aux tous-petits, petits et ados.\" \/>\n<meta name=\"robots\" content=\"index, follow, max-snippet:-1, max-image-preview:large, max-video-preview:-1\" \/>\n<link rel=\"canonical\" href=\"https:\/\/lesateliersdeclementine.fr\/index.php\/ateliersartsplastiquestarn\/\" \/>\n<meta property=\"og:locale\" content=\"en_US\" \/>\n<meta property=\"og:type\" content=\"article\" \/>\n<meta property=\"og:title\" content=\"D\u00e9marche - Les ateliers de Cl\u00e9mentine\" \/>\n<meta property=\"og:description\" content=\"Cl\u00e9mentine Pujol, intervante en arts plastiques et arts visuels bas\u00e9e dans le Tarn, anime des ateliers sur mesure destin\u00e9s aux tous-petits, petits et ados.\" \/>\n<meta property=\"og:url\" content=\"https:\/\/lesateliersdeclementine.fr\/index.php\/ateliersartsplastiquestarn\/\" \/>\n<meta property=\"og:site_name\" content=\"Les ateliers de Cl\u00e9mentine\" \/>\n<meta property=\"article:modified_time\" content=\"2022-11-26T08:14:40+00:00\" \/>\n<meta property=\"og:image\" content=\"https:\/\/lesateliersdeclementine.fr\/wp-content\/uploads\/2020\/03\/visuel-activit\u00e9s-arts-plastique-tarn.jpg\" \/>\n\t<meta property=\"og:image:width\" content=\"800\" \/>\n\t<meta property=\"og:image:height\" content=\"509\" \/>\n\t<meta property=\"og:image:type\" content=\"image\/jpeg\" \/>\n<meta name=\"twitter:card\" content=\"summary_large_image\" \/>\n<meta name=\"twitter:label1\" content=\"Est. reading time\" \/>\n\t<meta name=\"twitter:data1\" content=\"3 minutes\" \/>\n<script type=\"application\/ld+json\" class=\"yoast-schema-graph\">{\"@context\":\"https:\/\/schema.org\",\"@graph\":[{\"@type\":\"WebPage\",\"@id\":\"https:\/\/lesateliersdeclementine.fr\/index.php\/ateliersartsplastiquestarn\/\",\"url\":\"https:\/\/lesateliersdeclementine.fr\/index.php\/ateliersartsplastiquestarn\/\",\"name\":\"D\u00e9marche - Les ateliers de Cl\u00e9mentine\",\"isPartOf\":{\"@id\":\"https:\/\/lesateliersdeclementine.fr\/#website\"},\"datePublished\":\"2019-10-18T20:53:14+00:00\",\"dateModified\":\"2022-11-26T08:14:40+00:00\",\"description\":\"Cl\u00e9mentine Pujol, intervante en arts plastiques et arts visuels bas\u00e9e dans le Tarn, anime des ateliers sur mesure destin\u00e9s aux tous-petits, petits et ados.\",\"breadcrumb\":{\"@id\":\"https:\/\/lesateliersdeclementine.fr\/index.php\/ateliersartsplastiquestarn\/#breadcrumb\"},\"inLanguage\":\"en-US\",\"potentialAction\":[{\"@type\":\"ReadAction\",\"target\":[\"https:\/\/lesateliersdeclementine.fr\/index.php\/ateliersartsplastiquestarn\/\"]}]},{\"@type\":\"BreadcrumbList\",\"@id\":\"https:\/\/lesateliersdeclementine.fr\/index.php\/ateliersartsplastiquestarn\/#breadcrumb\",\"itemListElement\":[{\"@type\":\"ListItem\",\"position\":1,\"name\":\"Accueil\",\"item\":\"https:\/\/lesateliersdeclementine.fr\/\"},{\"@type\":\"ListItem\",\"position\":2,\"name\":\"D\u00e9marche\"}]},{\"@type\":\"WebSite\",\"@id\":\"https:\/\/lesateliersdeclementine.fr\/#website\",\"url\":\"https:\/\/lesateliersdeclementine.fr\/\",\"name\":\"Les ateliers de Cl\u00e9mentine\",\"description\":\"Arts plastiques &amp; Visuels\",\"potentialAction\":[{\"@type\":\"SearchAction\",\"target\":{\"@type\":\"EntryPoint\",\"urlTemplate\":\"https:\/\/lesateliersdeclementine.fr\/?s={search_term_string}\"},\"query-input\":\"required name=search_term_string\"}],\"inLanguage\":\"en-US\"}]}<\/script>\n<!-- \/ Yoast SEO plugin. -->","yoast_head_json":{"title":"D\u00e9marche - Les ateliers de Cl\u00e9mentine","description":"Cl\u00e9mentine Pujol, intervante en arts plastiques et arts visuels bas\u00e9e dans le Tarn, anime des ateliers sur mesure destin\u00e9s aux tous-petits, petits et ados.","robots":{"index":"index","follow":"follow","max-snippet":"max-snippet:-1","max-image-preview":"max-image-preview:large","max-video-preview":"max-video-preview:-1"},"canonical":"https:\/\/lesateliersdeclementine.fr\/index.php\/ateliersartsplastiquestarn\/","og_locale":"en_US","og_type":"article","og_title":"D\u00e9marche - Les ateliers de Cl\u00e9mentine","og_description":"Cl\u00e9mentine Pujol, intervante en arts plastiques et arts visuels bas\u00e9e dans le Tarn, anime des ateliers sur mesure destin\u00e9s aux tous-petits, petits et ados.","og_url":"https:\/\/lesateliersdeclementine.fr\/index.php\/ateliersartsplastiquestarn\/","og_site_name":"Les ateliers de Cl\u00e9mentine","article_modified_time":"2022-11-26T08:14:40+00:00","og_image":[{"width":800,"height":509,"url":"https:\/\/lesateliersdeclementine.fr\/wp-content\/uploads\/2020\/03\/visuel-activit\u00e9s-arts-plastique-tarn.jpg","type":"image\/jpeg"}],"twitter_card":"summary_large_image","twitter_misc":{"Est. reading time":"3 minutes"},"schema":{"@context":"https:\/\/schema.org","@graph":[{"@type":"WebPage","@id":"https:\/\/lesateliersdeclementine.fr\/index.php\/ateliersartsplastiquestarn\/","url":"https:\/\/lesateliersdeclementine.fr\/index.php\/ateliersartsplastiquestarn\/","name":"D\u00e9marche - Les ateliers de Cl\u00e9mentine","isPartOf":{"@id":"https:\/\/lesateliersdeclementine.fr\/#website"},"datePublished":"2019-10-18T20:53:14+00:00","dateModified":"2022-11-26T08:14:40+00:00","description":"Cl\u00e9mentine Pujol, intervante en arts plastiques et arts visuels bas\u00e9e dans le Tarn, anime des ateliers sur mesure destin\u00e9s aux tous-petits, petits et ados.","breadcrumb":{"@id":"https:\/\/lesateliersdeclementine.fr\/index.php\/ateliersartsplastiquestarn\/#breadcrumb"},"inLanguage":"en-US","potentialAction":[{"@type":"ReadAction","target":["https:\/\/lesateliersdeclementine.fr\/index.php\/ateliersartsplastiquestarn\/"]}]},{"@type":"BreadcrumbList","@id":"https:\/\/lesateliersdeclementine.fr\/index.php\/ateliersartsplastiquestarn\/#breadcrumb","itemListElement":[{"@type":"ListItem","position":1,"name":"Accueil","item":"https:\/\/lesateliersdeclementine.fr\/"},{"@type":"ListItem","position":2,"name":"D\u00e9marche"}]},{"@type":"WebSite","@id":"https:\/\/lesateliersdeclementine.fr\/#website","url":"https:\/\/lesateliersdeclementine.fr\/","name":"Les ateliers de Cl\u00e9mentine","description":"Arts plastiques &amp; Visuels","potentialAction":[{"@type":"SearchAction","target":{"@type":"EntryPoint","urlTemplate":"https:\/\/lesateliersdeclementine.fr\/?s={search_term_string}"},"query-input":"required name=search_term_string"}],"inLanguage":"en-US"}]}},"_links":{"self":[{"href":"https:\/\/lesateliersdeclementine.fr\/index.php\/wp-json\/wp\/v2\/pages\/2"}],"collection":[{"href":"https:\/\/lesateliersdeclementine.fr\/index.php\/wp-json\/wp\/v2\/pages"}],"about":[{"href":"https:\/\/lesateliersdeclementine.fr\/index.php\/wp-json\/wp\/v2\/types\/page"}],"author":[{"embeddable":true,"href":"https:\/\/lesateliersdeclementine.fr\/index.php\/wp-json\/wp\/v2\/users\/1"}],"replies":[{"embeddable":true,"href":"https:\/\/lesateliersdeclementine.fr\/index.php\/wp-json\/wp\/v2\/comments?post=2"}],"version-history":[{"count":38,"href":"https:\/\/lesateliersdeclementine.fr\/index.php\/wp-json\/wp\/v2\/pages\/2\/revisions"}],"predecessor-version":[{"id":1165,"href":"https:\/\/lesateliersdeclementine.fr\/index.php\/wp-json\/wp\/v2\/pages\/2\/revisions\/1165"}],"wp:featuredmedia":[{"embeddable":true,"href":"https:\/\/lesateliersdeclementine.fr\/index.php\/wp-json\/wp\/v2\/media\/518"}],"wp:attachment":[{"href":"https:\/\/lesateliersdeclementine.fr\/index.php\/wp-json\/wp\/v2\/media?parent=2"}],"curies":[{"name":"wp","href":"https:\/\/api.w.org\/{rel}","templated":true}]}}