{"id":32,"date":"2019-10-19T23:04:09","date_gmt":"2019-10-19T21:04:09","guid":{"rendered":"http:\/\/lesateliersdeclementine.fr\/?page_id=32"},"modified":"2022-11-26T09:06:49","modified_gmt":"2022-11-26T08:06:49","slug":"temoignages","status":"publish","type":"page","link":"https:\/\/lesateliersdeclementine.fr\/index.php\/temoignages\/","title":{"rendered":"R\u00e9f\u00e9rences"},"content":{"rendered":"<p>[et_pb_section fb_built=&#8221;1&#8243; _builder_version=&#8221;4.0.1&#8243;][\/et_pb_section][et_pb_section fb_built=&#8221;1&#8243; _builder_version=&#8221;4.0.1&#8243;][et_pb_row column_structure=&#8221;3_5,2_5&#8243; _builder_version=&#8221;4.0.1&#8243;][et_pb_column type=&#8221;3_5&#8243; _builder_version=&#8221;4.0.1&#8243;][et_pb_testimonial author=&#8221;Charlotte Delannoy&#8221; job_title=&#8221;Assistante de conservation&#8221; company_name=&#8221;Mus\u00e9e du pays vaurais &#8211; Lavaur&#8221; quote_icon_color=&#8221;#E09900&#8243; _builder_version=&#8221;4.0.1&#8243; background_color=&#8221;rgba(12,113,195,0.46)&#8221; width=&#8221;100%&#8221; custom_margin=&#8221;||111px|||&#8221; inline_fonts=&#8221;Hind&#8221;]<span style=\"font-family: Hind; font-weight: normal;\">Cl\u00e9mentine Pujol intervient au mus\u00e9e depuis 10 ans d\u00e9j\u00e0. Ses ateliers sont toujours tr\u00e8s appr\u00e9ci\u00e9s par les parents et surtout par les enfants.<br \/>\nTr\u00e8s \u00e0 l&#8217;\u00e9coute de ces derniers elle r\u00e9ussi \u00e0 les initier \u00e0 l&#8217;art&nbsp; tout en leur permettant de s&#8217;exprimer individuellement.<br \/>\nToujours pleine de ressources sur chaque sujet demand\u00e9, elle nous con\u00e7oit des ateliers sur mesure et toujours remplis de surprises.<\/span>[\/et_pb_testimonial][et_pb_testimonial author=&#8221;Marie-Christine Michalik&#8221; job_title=&#8221;\u00c9ducatrice de Jeunes Enfants&#8221; company_name=&#8221;Relais Petite Enfance \/ RAM&#8221; quote_icon_color=&#8221;#e09900&#8243; _builder_version=&#8221;4.0.1&#8243; background_color=&#8221;rgba(247,144,0,0.8)&#8221; min_height=&#8221;39px&#8221; custom_margin=&#8221;120px|29px||||&#8221; inline_fonts=&#8221;Hind,Hind Guntur&#8221;]<span style=\"font-family: Hind;\"><br \/>\nCela fait tr\u00e8s longtemps que je travaille avec Cl\u00e9mentine, elle intervient sur des groupes d\u2019enfants&nbsp;<\/span><span style=\"font-family: Hind;\">accompagn\u00e9s de leur assistantes maternelles sur des ateliers d\u2019arts plastiques ou des ateliers terre.<\/span><br \/>\n<span style=\"font-family: Hind;\">L\u2019objectif de ces ateliers c\u2019est de susciter de la curiosit\u00e9, d\u2019ouvrir les yeux et le c\u0153ur et tous les sens sur&nbsp;<\/span><span style=\"font-family: Hind;\">le plaisir de faire, de toucher, d\u2019observer, de cr\u00e9er, de d\u00e9couvrir, de manipuler ; c\u2019est r\u00e9v\u00e9ler des&nbsp;<\/span><span style=\"font-family: Hind; font-size: 14px;\">sensations et des \u00e9motions enfouies en chacun des <\/span><span style=\"font-weight: normal; font-family: Hind;\"><span style=\"font-size: 14px;\">participants. Ce n\u2019est pas faire pour faire cela va au-<\/span>del\u00e0. <\/span><\/p>\n<p><span style=\"font-family: Hind; font-weight: normal;\">Travailler avec Cl\u00e9mentine c\u2019est facile : une id\u00e9e jaillit : un projet se construit.&nbsp;<span style=\"font-size: 14px;\">Elle accompagne les participants dans le projet, sa pr\u00e9sence apaisante cr\u00e9e un climat <\/span><\/span><span style=\"font-family: Hind; font-size: 14px;\">de confiance et&nbsp;<\/span><span style=\"font-family: Hind; font-size: 14px;\">l\u2019adh\u00e9sion de chacun : les enfants, autant que les adultes. Les adultes ont parfois l\u2019impression que l\u2019atelier&nbsp;<\/span><span style=\"font-family: Hind; font-size: 14px;\">propos\u00e9 est \u00ab facile \u00bb on entend parfois : \u00ab oh c\u2019est tout \u00bb et bien non il y a une intention p\u00e9dagogique&nbsp;<\/span><span style=\"font-family: Hind; font-size: 14px;\">sous cette simplicit\u00e9 de fa\u00e7ade et les enfants sont les 1ers&nbsp;<\/span><span style=\"font-family: Hind; font-size: 14px;\">\u00e0 participer \u00e0 ses propositions.<\/span><\/p>\n<p><span style=\"font-family: Hind;\">Chez nous, les ateliers se font sur inscription et sur 4 s\u00e9ances, c\u2019est important pour la coh\u00e9sion du groupe, l\u2019adh\u00e9sion&nbsp;<\/span><span style=\"font-family: Hind;\">aux consignes et surtout l\u2019\u00e9volution des ressentis et du plaisir . Ce qui prime c\u2019est qu \u2018avec le temps les&nbsp;<\/span><span style=\"font-family: Hind;\">assistantes maternelles se souviennent de ce plaisir \u00e9prouv\u00e9 autant par les enfants que par elles m\u00eames.<br \/>\n<\/span><br \/>\n<span style=\"font-family: Hind;\">Les ateliers de Cl\u00e9mentine laissent des traces agr\u00e9ables en chacun de nous.<br \/>\nMerci Cl\u00e9mentine<\/span>[\/et_pb_testimonial][\/et_pb_column][et_pb_column type=&#8221;2_5&#8243; _builder_version=&#8221;4.0.1&#8243;][et_pb_testimonial author=&#8221;Equipe \u00e9ducative&#8221; company_name=&#8221;Cr\u00e8che Poussin Poussette &#8211; Vielmur sur Agout&#8221; quote_icon_color=&#8221;#E09900&#8243; _builder_version=&#8221;4.0.1&#8243; body_font=&#8221;||||||||&#8221; background_color=&#8221;rgba(249,189,184,0.3)&#8221; min_height=&#8221;330px&#8221; custom_margin=&#8221;64px|||||&#8221; border_color_all_portrait=&#8221;rgba(0,0,0,0)&#8221; inline_fonts=&#8221;Dosis,Hind&#8221;]<span style=\"font-family: Hind;\">Les enfants peuvent, gr\u00e2ce \u00e0 de nouvelles exp\u00e9riences de mat\u00e9riaux, d\u00e9couvrir, manipuler et laisser libre court \u00e0 leur cr\u00e9ativit\u00e9 et leur imagination dans des ateliers anim\u00e9s par Cl\u00e9mentine.<\/span><\/p>\n<p><span style=\"font-family: Hind;\">&nbsp;Avec professionnalisme et une p\u00e9dagogie adapt\u00e9e ces ateliers sont source de plaisir pour les enfants comme les professionnelles.&nbsp;Qui peuvent par la suite remettre en pratique des techniques vues lors de ces ateliers.<\/span><\/p>\n<p><span style=\"font-family: Hind; font-weight: normal;\"><\/span>[\/et_pb_testimonial][et_pb_text _builder_version=&#8221;4.0.1&#8243; custom_padding=&#8221;75px||15px|||&#8221; inline_fonts=&#8221;Dosis,Hind&#8221;]<\/p>\n<blockquote>\n<p style=\"text-align: left;\"><span style=\"font-family: Hind; font-weight: normal;\">Cl\u00e9mentine Pujol pr\u00e9pare des ateliers et se d\u00e9place depuis plusieurs ann\u00e9es. Elle est en relation avec diverses structures qui lui permettent d\u2019aller son chemin sans d\u00e9vier.<\/span><\/p>\n<p style=\"text-align: left;\"><span style=\"font-family: Hind; font-weight: normal;\">Les temps d\u2019atelier sont des bulles qui ont lieu pendant ou en marge du temps scolaire. Elle cr\u00e9e des bulles d\u2019\u00e9merveillement.<\/span><\/p>\n<p style=\"text-align: left;\"><span style=\"font-family: Hind; font-weight: normal;\">L\u2019\u00e9merveillement n\u2019est pas une b\u00e9atitude.<\/span><br \/>\n<span style=\"font-family: Hind; font-weight: normal;\">Il est cet espace o\u00f9 nous pouvons enfin \u00eatre d\u00e9coll\u00e9 de nous m\u00eame, o\u00f9 la rencontre de l\u2019onctueux d\u2019une p\u00e2te color\u00e9e ou du scintillement de la neige permet de faire retour \u00e0 soi, comprendre avec les sens, o\u00f9 le touch\u00e9 devient tact et o\u00f9 savoir laisse un go\u00fbt au bord des yeux. Scruter, attendre, agir.<\/span><\/p>\n<p style=\"text-align: left;\"><span style=\"font-family: Hind; font-weight: normal;\">R\u00e9p\u00e9ter, saisir un bout par une micro-patte. Dans le mince trouver la saveur du tout.<\/span><\/p>\n<p style=\"text-align: left;\">\n<p style=\"text-align: left;\">Jean-Pierre Castex, Professeur aux Beaux-Arts de Toulouse, le 27 f\u00e9vrier 2019<\/p>\n<\/blockquote>\n<p>[\/et_pb_text][\/et_pb_column][\/et_pb_row][et_pb_row column_structure=&#8221;1_2,1_2&#8243; _builder_version=&#8221;4.0.1&#8243; custom_margin=&#8221;|131px|-32px|auto||&#8221;][et_pb_column type=&#8221;1_2&#8243; _builder_version=&#8221;4.0.1&#8243;][\/et_pb_column][et_pb_column type=&#8221;1_2&#8243; _builder_version=&#8221;4.0.1&#8243;][et_pb_testimonial author=&#8221;H\u00e9l\u00e8ne Blanc&#8221; job_title=&#8221;Responsable&#8221; company_name=&#8221;M\u00e9diath\u00e8que Giraude-de-Laurac &#8211; Lavaur&#8221; quote_icon_color=&#8221;#e09900&#8243; _builder_version=&#8221;4.0.1&#8243; background_color=&#8221;rgba(12,113,195,0.2)&#8221; min_height=&#8221;145px&#8221; custom_margin=&#8221;|29px||||&#8221; inline_fonts=&#8221;Hind&#8221;]<span style=\"font-family: Hind;\">Avec ma coll\u00e8gue du Mus\u00e9e du Pays Vaurais, nous avions cette id\u00e9e de cr\u00e9er un atelier d&#8217;art plastique commun \u00e0 nos deux \u00e9tablissements : les ateliers M\u00e9dus&#8217;art. Cl\u00e9mentine qui est arriv\u00e9e au d\u00e9but de cette aventure, a totalement compris notre souhait et a su donner vie \u00e0 ce que nous avions en t\u00eate. Elle est m\u00eame all\u00e9e au-del\u00e0 !<\/span><br \/>\n<span style=\"font-family: Hind;\">Autre challenge compl\u00e8tement relev\u00e9 par Cl\u00e9mentine : la mise en place d&#8217;ateliers pour les enfants entre 4 et 6 ans, ce qui ne se faisait pas du tout \u00e0 ce moment-l\u00e0.<\/span><br \/>\n<span style=\"font-family: Hind;\">Son s\u00e9rieux, son professionnalisme et surtout sa cr\u00e9ativit\u00e9 ne nous ont jamais fait d\u00e9faut en bient\u00f4t 10 ans de collaboration.<\/span>[\/et_pb_testimonial][\/et_pb_column][\/et_pb_row][\/et_pb_section][et_pb_section fb_built=&#8221;1&#8243; _builder_version=&#8221;4.0.1&#8243; custom_padding=&#8221;0px|||||&#8221;][et_pb_row column_structure=&#8221;2_3,1_3&#8243; _builder_version=&#8221;4.0.1&#8243;][et_pb_column type=&#8221;2_3&#8243; _builder_version=&#8221;4.0.1&#8243;][et_pb_testimonial author=&#8221;#38 Les Rendez-vous de la Com d&#8217;agglo &#8211; infos, \u00e9changes&#8221; job_title=&#8221;Newsletter de la Communaut\u00e9 d&#8217;agglo Gaillac-Graulhet&#8221; company_name=&#8221;D\u00e9cembre 2021&#8243; portrait_url=&#8221;http:\/\/lesateliersdeclementine.fr\/wp-content\/uploads\/2022\/01\/assmat.jpg&#8221; quote_icon_color=&#8221;#e09900&#8243; _builder_version=&#8221;4.0.1&#8243; background_color=&#8221;#d6d6d6&#8243; width=&#8221;100%&#8221; min_height=&#8221;145px&#8221; custom_margin=&#8221;|-169px||||&#8221; custom_padding=&#8221;|31px||||&#8221; inline_fonts=&#8221;Hind,Verdana&#8221;]<span style=\"font-family: Hind;\"><\/span><\/p>\n<p>Ateliers pour nos assistantes maternelles<span style=\"font-family: Hind;\"><br \/>\nDans le cadre des actions d&#8217;accompagnement \u00e0 la pratique professionnelle des assistant(e)s maternel(le)s, le Relais Petite Enfance de l&#8217;agglo <span style=\"font-family: Hind;\">petit groupe d&#8217;assistantes maternelles du territoire a particip\u00e9 \u00e0 des &#8220;ateliers Terre&#8221; anim\u00e9s par <span class=\"il\">Cl\u00e9mentine<\/span> Pujol (intervenante en art plastiques). Cr\u00e9er du lien, aborder le m\u00e9tier d\u2019assistante maternelle sous l\u2019angle de la cr\u00e9ativit\u00e9, l\u00e2cher prise, susciter de la curiosit\u00e9 sont autant d&#8217;objectifs apport\u00e9s par la manipulation de l&#8217;argile. L\u2019implication de chacune et la dynamique de groupe a r\u00e9veill\u00e9 le plaisir du toucher, sentir, ressentir pour le retransmettre et le partager avec les enfants lors des ateliers \u00e0 leur domicile ou au Relais Petite Enfance. Une belle exp\u00e9rience surprenante et enrichissante pour chacune des participantes.<\/span><\/span>[\/et_pb_testimonial][\/et_pb_column][et_pb_column type=&#8221;1_3&#8243; _builder_version=&#8221;4.0.1&#8243;][\/et_pb_column][\/et_pb_row][\/et_pb_section]<\/p>\n","protected":false},"excerpt":{"rendered":"<p>Cl\u00e9mentine Pujol intervient depuis plusieurs ann\u00e9es dans les \u00e9coles, les cr\u00e8ches, les Ram, les m\u00e9diath\u00e8ques, les mus\u00e9es et autres structures : ses propositions sont toujours nouvelles et adapt\u00e9es !<\/p>\n","protected":false},"author":1,"featured_media":0,"parent":0,"menu_order":0,"comment_status":"closed","ping_status":"closed","template":"","meta":{"_et_pb_use_builder":"on","_et_pb_old_content":"","_et_gb_content_width":""},"yoast_head":"<!-- This site is optimized with the Yoast SEO plugin v19.10 - https:\/\/yoast.com\/wordpress\/plugins\/seo\/ -->\n<title>R\u00e9f\u00e9rences - Les ateliers de Cl\u00e9mentine<\/title>\n<meta name=\"description\" content=\"Cl\u00e9mentine Pujol intervient depuis plusieurs ann\u00e9es dans les \u00e9coles, les cr\u00e8ches, les Ram, les m\u00e9diath\u00e8ques, les mus\u00e9es et autres structures : ses propositions sont toujours nouvelles et adapt\u00e9es !\" \/>\n<meta name=\"robots\" content=\"index, follow, max-snippet:-1, max-image-preview:large, max-video-preview:-1\" \/>\n<link rel=\"canonical\" href=\"https:\/\/lesateliersdeclementine.fr\/index.php\/temoignages\/\" \/>\n<meta property=\"og:locale\" content=\"en_US\" \/>\n<meta property=\"og:type\" content=\"article\" \/>\n<meta property=\"og:title\" content=\"R\u00e9f\u00e9rences - Les ateliers de Cl\u00e9mentine\" \/>\n<meta property=\"og:description\" content=\"Cl\u00e9mentine Pujol intervient depuis plusieurs ann\u00e9es dans les \u00e9coles, les cr\u00e8ches, les Ram, les m\u00e9diath\u00e8ques, les mus\u00e9es et autres structures : ses propositions sont toujours nouvelles et adapt\u00e9es !\" \/>\n<meta property=\"og:url\" content=\"https:\/\/lesateliersdeclementine.fr\/index.php\/temoignages\/\" \/>\n<meta property=\"og:site_name\" content=\"Les ateliers de Cl\u00e9mentine\" \/>\n<meta property=\"article:modified_time\" content=\"2022-11-26T08:06:49+00:00\" \/>\n<meta name=\"twitter:card\" content=\"summary_large_image\" \/>\n<meta name=\"twitter:label1\" content=\"Est. reading time\" \/>\n\t<meta name=\"twitter:data1\" content=\"4 minutes\" \/>\n<script type=\"application\/ld+json\" class=\"yoast-schema-graph\">{\"@context\":\"https:\/\/schema.org\",\"@graph\":[{\"@type\":\"WebPage\",\"@id\":\"https:\/\/lesateliersdeclementine.fr\/index.php\/temoignages\/\",\"url\":\"https:\/\/lesateliersdeclementine.fr\/index.php\/temoignages\/\",\"name\":\"R\u00e9f\u00e9rences - Les ateliers de Cl\u00e9mentine\",\"isPartOf\":{\"@id\":\"https:\/\/lesateliersdeclementine.fr\/#website\"},\"datePublished\":\"2019-10-19T21:04:09+00:00\",\"dateModified\":\"2022-11-26T08:06:49+00:00\",\"description\":\"Cl\u00e9mentine Pujol intervient depuis plusieurs ann\u00e9es dans les \u00e9coles, les cr\u00e8ches, les Ram, les m\u00e9diath\u00e8ques, les mus\u00e9es et autres structures : ses propositions sont toujours nouvelles et adapt\u00e9es !\",\"breadcrumb\":{\"@id\":\"https:\/\/lesateliersdeclementine.fr\/index.php\/temoignages\/#breadcrumb\"},\"inLanguage\":\"en-US\",\"potentialAction\":[{\"@type\":\"ReadAction\",\"target\":[\"https:\/\/lesateliersdeclementine.fr\/index.php\/temoignages\/\"]}]},{\"@type\":\"BreadcrumbList\",\"@id\":\"https:\/\/lesateliersdeclementine.fr\/index.php\/temoignages\/#breadcrumb\",\"itemListElement\":[{\"@type\":\"ListItem\",\"position\":1,\"name\":\"Accueil\",\"item\":\"https:\/\/lesateliersdeclementine.fr\/\"},{\"@type\":\"ListItem\",\"position\":2,\"name\":\"R\u00e9f\u00e9rences\"}]},{\"@type\":\"WebSite\",\"@id\":\"https:\/\/lesateliersdeclementine.fr\/#website\",\"url\":\"https:\/\/lesateliersdeclementine.fr\/\",\"name\":\"Les ateliers de Cl\u00e9mentine\",\"description\":\"Arts plastiques &amp; Visuels\",\"potentialAction\":[{\"@type\":\"SearchAction\",\"target\":{\"@type\":\"EntryPoint\",\"urlTemplate\":\"https:\/\/lesateliersdeclementine.fr\/?s={search_term_string}\"},\"query-input\":\"required name=search_term_string\"}],\"inLanguage\":\"en-US\"}]}<\/script>\n<!-- \/ Yoast SEO plugin. -->","yoast_head_json":{"title":"R\u00e9f\u00e9rences - Les ateliers de Cl\u00e9mentine","description":"Cl\u00e9mentine Pujol intervient depuis plusieurs ann\u00e9es dans les \u00e9coles, les cr\u00e8ches, les Ram, les m\u00e9diath\u00e8ques, les mus\u00e9es et autres structures : ses propositions sont toujours nouvelles et adapt\u00e9es !","robots":{"index":"index","follow":"follow","max-snippet":"max-snippet:-1","max-image-preview":"max-image-preview:large","max-video-preview":"max-video-preview:-1"},"canonical":"https:\/\/lesateliersdeclementine.fr\/index.php\/temoignages\/","og_locale":"en_US","og_type":"article","og_title":"R\u00e9f\u00e9rences - Les ateliers de Cl\u00e9mentine","og_description":"Cl\u00e9mentine Pujol intervient depuis plusieurs ann\u00e9es dans les \u00e9coles, les cr\u00e8ches, les Ram, les m\u00e9diath\u00e8ques, les mus\u00e9es et autres structures : ses propositions sont toujours nouvelles et adapt\u00e9es !","og_url":"https:\/\/lesateliersdeclementine.fr\/index.php\/temoignages\/","og_site_name":"Les ateliers de Cl\u00e9mentine","article_modified_time":"2022-11-26T08:06:49+00:00","twitter_card":"summary_large_image","twitter_misc":{"Est. reading time":"4 minutes"},"schema":{"@context":"https:\/\/schema.org","@graph":[{"@type":"WebPage","@id":"https:\/\/lesateliersdeclementine.fr\/index.php\/temoignages\/","url":"https:\/\/lesateliersdeclementine.fr\/index.php\/temoignages\/","name":"R\u00e9f\u00e9rences - Les ateliers de Cl\u00e9mentine","isPartOf":{"@id":"https:\/\/lesateliersdeclementine.fr\/#website"},"datePublished":"2019-10-19T21:04:09+00:00","dateModified":"2022-11-26T08:06:49+00:00","description":"Cl\u00e9mentine Pujol intervient depuis plusieurs ann\u00e9es dans les \u00e9coles, les cr\u00e8ches, les Ram, les m\u00e9diath\u00e8ques, les mus\u00e9es et autres structures : ses propositions sont toujours nouvelles et adapt\u00e9es !","breadcrumb":{"@id":"https:\/\/lesateliersdeclementine.fr\/index.php\/temoignages\/#breadcrumb"},"inLanguage":"en-US","potentialAction":[{"@type":"ReadAction","target":["https:\/\/lesateliersdeclementine.fr\/index.php\/temoignages\/"]}]},{"@type":"BreadcrumbList","@id":"https:\/\/lesateliersdeclementine.fr\/index.php\/temoignages\/#breadcrumb","itemListElement":[{"@type":"ListItem","position":1,"name":"Accueil","item":"https:\/\/lesateliersdeclementine.fr\/"},{"@type":"ListItem","position":2,"name":"R\u00e9f\u00e9rences"}]},{"@type":"WebSite","@id":"https:\/\/lesateliersdeclementine.fr\/#website","url":"https:\/\/lesateliersdeclementine.fr\/","name":"Les ateliers de Cl\u00e9mentine","description":"Arts plastiques &amp; Visuels","potentialAction":[{"@type":"SearchAction","target":{"@type":"EntryPoint","urlTemplate":"https:\/\/lesateliersdeclementine.fr\/?s={search_term_string}"},"query-input":"required name=search_term_string"}],"inLanguage":"en-US"}]}},"_links":{"self":[{"href":"https:\/\/lesateliersdeclementine.fr\/index.php\/wp-json\/wp\/v2\/pages\/32"}],"collection":[{"href":"https:\/\/lesateliersdeclementine.fr\/index.php\/wp-json\/wp\/v2\/pages"}],"about":[{"href":"https:\/\/lesateliersdeclementine.fr\/index.php\/wp-json\/wp\/v2\/types\/page"}],"author":[{"embeddable":true,"href":"https:\/\/lesateliersdeclementine.fr\/index.php\/wp-json\/wp\/v2\/users\/1"}],"replies":[{"embeddable":true,"href":"https:\/\/lesateliersdeclementine.fr\/index.php\/wp-json\/wp\/v2\/comments?post=32"}],"version-history":[{"count":17,"href":"https:\/\/lesateliersdeclementine.fr\/index.php\/wp-json\/wp\/v2\/pages\/32\/revisions"}],"predecessor-version":[{"id":1219,"href":"https:\/\/lesateliersdeclementine.fr\/index.php\/wp-json\/wp\/v2\/pages\/32\/revisions\/1219"}],"wp:attachment":[{"href":"https:\/\/lesateliersdeclementine.fr\/index.php\/wp-json\/wp\/v2\/media?parent=32"}],"curies":[{"name":"wp","href":"https:\/\/api.w.org\/{rel}","templated":true}]}}